{"id":3,"date":"2025-11-18T22:01:00","date_gmt":"2025-11-18T22:01:00","guid":{"rendered":"https:\/\/group.lobogo.ro\/?page_id=3"},"modified":"2025-11-28T16:49:52","modified_gmt":"2025-11-28T16:49:52","slug":"politica","status":"publish","type":"page","link":"https:\/\/group.lobogo.ro\/hu\/politica\/","title":{"rendered":"Adatv\u00e9delmi nyilatkozat"},"content":{"rendered":"<div data-elementor-type=\"wp-page\" data-elementor-id=\"3\" class=\"elementor elementor-3\" data-elementor-post-type=\"page\">\n\t\t\t\t<div class=\"elementor-element elementor-element-4a2b170d e-flex e-con-boxed e-con e-parent\" data-id=\"4a2b170d\" data-element_type=\"container\" data-settings=\"{&quot;background_background&quot;:&quot;classic&quot;}\">\n\t\t\t\t\t<div class=\"e-con-inner\">\n\t\t\t\t<div class=\"elementor-element elementor-element-56a6459e elementor-widget elementor-widget-heading\" data-id=\"56a6459e\" data-element_type=\"widget\" data-widget_type=\"heading.default\">\n\t\t\t\t<div class=\"elementor-widget-container\">\n\t\t\t\t\t<h1 class=\"elementor-heading-title elementor-size-default\">Adatv\u00e9delmi nyilatkozat<\/h1>\t\t\t\t<\/div>\n\t\t\t\t<\/div>\n\t\t\t\t\t<\/div>\n\t\t\t\t<\/div>\n\t\t<div class=\"elementor-element elementor-element-46370fdf e-flex e-con-boxed e-con e-parent\" data-id=\"46370fdf\" data-element_type=\"container\">\n\t\t\t\t\t<div class=\"e-con-inner\">\n\t\t\t\t<div class=\"elementor-element elementor-element-2b00aa8f elementor-widget elementor-widget-text-editor\" data-id=\"2b00aa8f\" data-element_type=\"widget\" data-widget_type=\"text-editor.default\">\n\t\t\t\t<div class=\"elementor-widget-container\">\n\t\t\t\t\t\t\t\t\t<p><\/p>\n<h2 class=\"wp-block-heading\">1. Cookie-k \u00e9s hasonl\u00f3 technol\u00f3gi\u00e1k haszn\u00e1lat\u00e1ra vonatkoz\u00f3 szab\u00e1lyzat<\/h2>\n<p><\/p>\n<p>Ez a szab\u00e1lyzat a BENLUMA S.R.L. \u00e1ltal \u00fczemeltetett webhelyeken \u00e9s alkalmaz\u00e1sokban haszn\u00e1lt s\u00fctikre \u00e9s hasonl\u00f3 technol\u00f3gi\u00e1kra vonatkozik. sz\u00e9khelye: B\u0103lie Homorod 39\/A sz.535801, Hargita megye, (a tov\u00e1bbiakban: group.lobogo.ro).<\/p>\n<p><\/p>\n<p>A s\u00fctiket a k\u00f6vetkez\u0151 c\u00e9lokra haszn\u00e1ljuk:<\/p>\n<p><\/p>\n<ul class=\"wp-block-list\">\n<li style=\"list-style-type: none;\">\n<ul><\/ul>\n<\/li>\n<\/ul>\n<p>\u00a0<\/p>\n<ul>\n<li style=\"list-style-type: none;\">\n<ul>\n<li>weboldal \u00fczemeltet\u00e9se,<\/li>\n<\/ul>\n<\/li>\n<\/ul>\n<p><\/p>\n<ul>\n<li style=\"list-style-type: none;\">\n<ul>\n<li>elemezni a weboldal l\u00e1togat\u00f3inak viselked\u00e9s\u00e9t,<\/li>\n<\/ul>\n<\/li>\n<\/ul>\n<p><\/p>\n<ul>\n<li style=\"list-style-type: none;\">\n<ul>\n<li>rekl\u00e1mra.<\/li>\n<\/ul>\n<\/li>\n<\/ul>\n<p><\/p>\n<p><\/p>\n<p>Ezt a szab\u00e1lyzatot eg\u00e9sz\u00edti ki a lobogo.ro szem\u00e9lyes adatok v\u00e9delm\u00e9re vonatkoz\u00f3 \u00e1ltal\u00e1nos szab\u00e1lyzata, amelyet itt tal\u00e1l, valamint az itt tal\u00e1lhat\u00f3 oldal \u00c1ltal\u00e1nos Szerz\u0151d\u00e9si Felt\u00e9telei, amelyek elolvas\u00e1s\u00e1t javasoljuk, amelyek tov\u00e1bbi hasznos inform\u00e1ci\u00f3kat tartalmaznak, bele\u00e9rtve a lobogo.ro szem\u00e9lyes adatv\u00e9delmi tisztvisel\u0151j\u00e9t, a lobogo.ro \u00e1ltal v\u00e9gzett adatkezel\u00e9s minden c\u00e9lj\u00e1t, az \u00d6n jogait, valamint azok kiv\u00e9teleit \u00e9s korl\u00e1tait stb.<\/p>\n<p><\/p>\n<p>A szem\u00e9lyes adatok megfelel\u0151 v\u00e9delme a lobogo.ro fontos c\u00e9lja. Az a v\u00e1gyunk, hogy a lehet\u0151 legvil\u00e1gosabbak \u00e9s \u00e1tl\u00e1that\u00f3bbak legy\u00fcnk a lobogo.ro \u00fcggyel kapcsolatos megk\u00f6zel\u00edt\u00e9s\u00e9t illet\u0151en. K\u00e9rd\u00e9seivel forduljon hozz\u00e1nk az office@lobogo.ro e-mail c\u00edmen.<\/p>\n<p>\u00a0<\/p>\n<p><span style=\"font-style: inherit; font-weight: inherit;\">(+4) 0755 066 021<\/span><\/p>\n<p>office@lobogo.ro<\/p>\n<p>B\u0103lie Homorod 39\/A sz.535801Jude\u021bul Harghita<\/p>\n<p>BENLUMA S.R.L.<\/p>\n<p>CUI: 10757911<\/p>\n<p>Nr. Reg.: J19\/250\/1998<\/p>\n<p>\u00a0<\/p>\n<p><\/p>\n<h2 class=\"wp-block-heading\">2. Mik azok a s\u00fctik?<\/h2>\n<p><\/p>\n<p>A cookie bet\u0171kb\u0151l \u00e9s sz\u00e1mokb\u00f3l \u00e1ll\u00f3 kis f\u00e1jl, amely a felhaszn\u00e1l\u00f3 sz\u00e1m\u00edt\u00f3g\u00e9p\u00e9n, mobiltermin\u00e1lj\u00e1n vagy egy\u00e9b olyan berendez\u00e9s\u00e9n ker\u00fcl t\u00e1rol\u00e1sra, amelyr\u0151l az internethez csatlakozik. A cookie a felhaszn\u00e1l\u00f3i termin\u00e1l \u00e1ltal a lobogo.ro szerverhez vagy egy harmadik f\u00e9l szerver\u00e9hez int\u00e9zett k\u00e9r\u00e9sre ker\u00fcl telep\u00edt\u00e9sre.<\/p>\n<p><\/p>\n<h2 class=\"wp-block-heading\">3. Mire haszn\u00e1lj\u00e1k a s\u00fctiket?<\/h2>\n<p><\/p>\n<p>Ezek a f\u00e1jlok els\u0151sorban a felhaszn\u00e1l\u00f3i termin\u00e1l felismer\u00e9s\u00e9t \u00e9s a tartalom relev\u00e1ns, a felhaszn\u00e1l\u00f3 preferenci\u00e1ihoz igazod\u00f3 megjelen\u00edt\u00e9s\u00e9t teszik lehet\u0151v\u00e9.<\/p>\n<p><\/p>\n<p>A s\u00fctik kellemes b\u00f6ng\u00e9sz\u00e9si \u00e9lm\u00e9nyt biztos\u00edtanak a felhaszn\u00e1l\u00f3knak, \u00e9s t\u00e1mogatj\u00e1k a lobogo.ro azon t\u00f6rekv\u00e9seit, hogy szem\u00e9lyre szabottabb szolg\u00e1ltat\u00e1sokat ny\u00fajtson a felhaszn\u00e1l\u00f3knak, pl.: - online adatv\u00e9delmi be\u00e1ll\u00edt\u00e1sok, bev\u00e1s\u00e1rl\u00f3kos\u00e1r vagy relev\u00e1ns hirdet\u00e9sek. Ezeket az \u00f6sszes\u00edtett anonim statisztik\u00e1k elk\u00e9sz\u00edt\u00e9s\u00e9hez is haszn\u00e1lj\u00e1k, amelyek seg\u00edtenek meg\u00e9rteni, hogy a felhaszn\u00e1l\u00f3 milyen hasznot h\u00faz internetes oldalainkb\u00f3l, lehet\u0151v\u00e9 t\u00e9ve sz\u00e1munkra, hogy jav\u00edtsuk azok szerkezet\u00e9t \u00e9s tartalm\u00e1t an\u00e9lk\u00fcl, hogy lehet\u0151v\u00e9 tenn\u00e9 a felhaszn\u00e1l\u00f3 szem\u00e9lyes azonos\u00edt\u00e1s\u00e1t.<\/p>\n<p><\/p>\n<h2 class=\"wp-block-heading\">4. Milyen s\u00fctiket haszn\u00e1lunk?<\/h2>\n<p><\/p>\n<p>K\u00e9tf\u00e9le cookie-t haszn\u00e1lunk: munkamenetenk\u00e9nti \u00e9s \u00e1lland\u00f3. A munkamenet-s\u00fctik olyan ideiglenes f\u00e1jlok, amelyek a felhaszn\u00e1l\u00f3i termin\u00e1lban maradnak a munkamenet v\u00e9g\u00e9ig vagy az alkalmaz\u00e1s bez\u00e1r\u00e1s\u00e1ig. A r\u00f6gz\u00edtett cookie-k a cookie-param\u00e9terek \u00e1ltal meghat\u00e1rozott ideig maradnak a felhaszn\u00e1l\u00f3i termin\u00e1lon, vagy am\u00edg azokat a felhaszn\u00e1l\u00f3 manu\u00e1lisan nem t\u00f6rli.<\/p>\n<p><\/p>\n<h2 class=\"wp-block-heading\">5. Hogyan haszn\u00e1lja a cookie-kat ez az oldal?<\/h2>\n<p><\/p>\n<p>Az oldal l\u00e1togat\u00e1sa a k\u00f6vetkez\u0151 t\u00edpus\u00fa s\u00fctiket helyezheti el:<\/p>\n<p><\/p>\n<ul class=\"wp-block-list\">\n<li style=\"list-style-type: none;\">\n<ul><\/ul>\n<\/li>\n<\/ul>\n<p>\u00a0<\/p>\n<ul>\n<li style=\"list-style-type: none;\">\n<ul>\n<li>az oldal m\u0171k\u00f6d\u00e9s\u00e9hez felt\u00e9tlen\u00fcl sz\u00fcks\u00e9ges cookie-k<\/li>\n<\/ul>\n<\/li>\n<\/ul>\n<p><\/p>\n<ul>\n<li style=\"list-style-type: none;\">\n<ul>\n<li>elemz\u0151 s\u00fctik<\/li>\n<\/ul>\n<\/li>\n<\/ul>\n<p><\/p>\n<ul>\n<li style=\"list-style-type: none;\">\n<ul>\n<li>cookie-k rekl\u00e1moz\u00e1shoz<\/li>\n<\/ul>\n<\/li>\n<\/ul>\n<p><\/p>\n<p><\/p>\n<p>A szigor\u00faan sz\u00fcks\u00e9ges cookie-k \u00e9s\/vagy hasonl\u00f3 technol\u00f3gi\u00e1k elengedhetetlenek az oldal megfelel\u0151 m\u0171k\u00f6d\u00e9s\u00e9hez, amelyek az oldal el\u00e9r\u00e9sekor vagy adott esetben az oldalon v\u00e9grehajtott m\u0171veletek k\u00f6vet\u00e9sekor ker\u00fclnek be\u00e1ll\u00edt\u00e1sra az \u00d6n eszk\u00f6z\u00e9n. Be\u00e1ll\u00edthatja b\u00f6ng\u00e9sz\u0151j\u00e9t \u00fagy, hogy blokkolja a cookie-kat, de ebben az esetben a webhely bizonyos r\u00e9szei nem fognak megfelel\u0151en m\u0171k\u00f6dni.<\/p>\n<p><\/p>\n<h2 class=\"wp-block-heading\">6. Tartalmaznak-e szem\u00e9lyes adatokat a cookie-k vagy hasonl\u00f3 technol\u00f3gi\u00e1k?<\/h2>\n<p><\/p>\n<p>A s\u00fctik vagy hasonl\u00f3 technol\u00f3gi\u00e1k \u00f6nmagukban nem ig\u00e9nyelnek szem\u00e9lyes adatokat, \u00e9s sok esetben nem azonos\u00edtj\u00e1k az internetez\u0151ket. Vannak azonban olyan helyzetek, amikor a cookie-k haszn\u00e1lat\u00e1val szem\u00e9lyes adatok gy\u0171jthet\u0151k, hogy megk\u00f6nny\u00edts\u00e9k a felhaszn\u00e1l\u00f3 sz\u00e1m\u00e1ra bizonyos funkci\u00f3kat, vagy hogy a felhaszn\u00e1l\u00f3 preferenci\u00e1ihoz jobban igazod\u00f3 \u00e9lm\u00e9nyt ny\u00fajtsanak. Az ilyen adatok oly m\u00f3don vannak titkos\u00edtva, hogy illet\u00e9ktelen szem\u00e9lyek ne f\u00e9rhessenek hozz\u00e1juk.<\/p>\n<p><\/p>\n<p>Mik a hasonl\u00f3 technol\u00f3gi\u00e1k?<\/p>\n<p><\/p>\n<p>Vannak m\u00e1s technol\u00f3gi\u00e1k is, amelyek ugyanazokra a c\u00e9lokra haszn\u00e1lhat\u00f3k, mint a cookie-k.<\/p>\n<p><\/p>\n<p>A lobogo.ro a helyi t\u00e1rol\u00e1st haszn\u00e1lja hasonl\u00f3 technol\u00f3giak\u00e9nt.<\/p>\n<p><\/p>\n<h2 class=\"wp-block-heading\">7. A cookie-k blokkol\u00e1sa<\/h2>\n<p><\/p>\n<p>Ha szeretn\u00e9 letiltani a s\u00fctiket, az oldal egyes funkci\u00f3i le\u00e1llnak, \u00e9s ez bizonyos meghib\u00e1sod\u00e1sokat vagy hib\u00e1kat eredm\u00e9nyezhet oldalunk haszn\u00e1lata sor\u00e1n. P\u00e9ld\u00e1ul a cookie-k blokkol\u00e1sa megakad\u00e1lyozhatja, hogy:<\/p>\n<p><\/p>\n<ul class=\"wp-block-list\">\n<li style=\"list-style-type: none;\">\n<ul><\/ul>\n<\/li>\n<\/ul>\n<p>\u00a0<\/p>\n<ul>\n<li style=\"list-style-type: none;\">\n<ul>\n<li>v\u00e1s\u00e1roljon online<\/li>\n<\/ul>\n<\/li>\n<\/ul>\n<p><\/p>\n<ul>\n<li style=\"list-style-type: none;\">\n<ul>\n<li>jelentkezzen be fi\u00f3kj\u00e1ba<\/li>\n<\/ul>\n<\/li>\n<\/ul>\n<p><\/p>\n<p><\/p>\n<p>Ha egyet\u00e9rt ezekkel a korl\u00e1toz\u00e1sokkal, \u00e9s szeretn\u00e9 letiltani a cookie-kat, k\u00f6vesse az al\u00e1bbi utas\u00edt\u00e1sokat:<\/p>\n<p><\/p>\n<p>A legt\u00f6bb b\u00f6ng\u00e9sz\u0151 alap\u00e9rtelmez\u00e9s szerint \u00fagy van be\u00e1ll\u00edtva, hogy elfogadja a cookie-kat, de m\u00f3dos\u00edthatja be\u00e1ll\u00edt\u00e1sait, hogy egyes vagy az \u00f6sszes cookie-t letiltson.<br \/>V\u00e1lassza ki b\u00f6ng\u00e9sz\u0151j\u00e9t az al\u00e1bbi list\u00e1b\u00f3l, hogy megjelen\u00edtse azokat az utas\u00edt\u00e1sokat, amelyeken a b\u00f6ng\u00e9sz\u0151 megnyit\u00e1sa ut\u00e1n v\u00e9gig kell mennie.<br \/>A fenti linkek nem tartoznak a lobogo.ro oldalakhoz, \u00e9s a lobogo.ro nem v\u00e1llal felel\u0151ss\u00e9get azok tartalm\u00e1\u00e9rt.<\/p>\n<p><\/p>\n<h2 class=\"wp-block-heading\">8. A cookie-k elhelyez\u00e9s\u00e9vel kapcsolatos preferenci\u00e1k kezel\u00e9se<\/h2>\n<p><\/p>\n<p>\u00c1ltal\u00e1noss\u00e1gban elmondhat\u00f3, hogy a weboldalak el\u00e9r\u00e9s\u00e9re haszn\u00e1lt alkalmaz\u00e1sok alap\u00e9rtelmez\u00e9s szerint lehet\u0151v\u00e9 teszik a cookie-k \u00e9s\/vagy hasonl\u00f3 technol\u00f3gi\u00e1k ment\u00e9s\u00e9t a termin\u00e1lon. T\u00e1rol\u00e1suk az al\u00e1bbi 11. pontban tal\u00e1lhat\u00f3 t\u00e1bl\u00e1zatban le\u00edrt id\u0151tartamig t\u00f6rt\u00e9nik. Ezek a be\u00e1ll\u00edt\u00e1sok m\u00f3dos\u00edthat\u00f3k oly m\u00f3don, hogy a cookie-k automatikus adminisztr\u00e1l\u00e1s\u00e1t a webb\u00f6ng\u00e9sz\u0151 blokkolja, vagy a felhaszn\u00e1l\u00f3t minden alkalommal \u00e9rtes\u00edti, amikor cookie-kat k\u00fcldenek a termin\u00e1lj\u00e1ra.<\/p>\n<p><\/p>\n<p>A cookie-k kezel\u00e9s\u00e9nek lehet\u0151s\u00e9geir\u0151l \u00e9s m\u00f3djair\u00f3l az alkalmaz\u00e1s (b\u00f6ng\u00e9sz\u0151) be\u00e1ll\u00edt\u00e1si ter\u00fclet\u00e9n tal\u00e1lhat\u00f3 r\u00e9szletes inform\u00e1ci\u00f3. A cookie-k haszn\u00e1lat\u00e1nak korl\u00e1toz\u00e1sa hat\u00e1ssal lehet a weboldal bizonyos funkci\u00f3ira.<\/p>\n<p><\/p>\n<h2 class=\"wp-block-heading\">9. Mi\u00e9rt fontosak a cookie-k \u00e9s\/vagy hasonl\u00f3 technol\u00f3gi\u00e1k az internet sz\u00e1m\u00e1ra?<\/h2>\n<p><\/p>\n<p>A s\u00fctik \u00e9s\/vagy hasonl\u00f3 technol\u00f3gi\u00e1k k\u00f6zponti szerepet t\u00f6ltenek be az internet hat\u00e9kony m\u0171k\u00f6d\u00e9s\u00e9ben, seg\u00edtve az egyes felhaszn\u00e1l\u00f3k preferenci\u00e1ihoz \u00e9s \u00e9rdekl\u0151d\u00e9si k\u00f6r\u00e9hez igazod\u00f3, felhaszn\u00e1l\u00f3bar\u00e1t b\u00f6ng\u00e9sz\u00e9si \u00e9lm\u00e9nyt. A cookie-k elutas\u00edt\u00e1sa vagy letilt\u00e1sa lehetetlenn\u00e9 teheti egyes webhelyek vagy webhelyr\u00e9szek haszn\u00e1lat\u00e1t.<\/p>\n<p><\/p>\n<p>A cookie-k kikapcsol\u00e1sa nem azt jelenti, hogy \u00d6n a t\u00f6rv\u00e9nynek megfelel\u0151en a tov\u00e1bbiakban nem kap online hirdet\u00e9seket \u2013 hanem azt, hogy a tov\u00e1bbiakban nem tudja figyelembe venni az \u00d6n b\u00f6ng\u00e9sz\u00e9si viselked\u00e9se \u00e1ltal kiemelt preferenci\u00e1it \u00e9s \u00e9rdekl\u0151d\u00e9s\u00e9t.<\/p>\n<p><\/p>\n<p>P\u00e9ld\u00e1k a cookie-k fontos felhaszn\u00e1l\u00e1s\u00e1ra (amelyhez nem sz\u00fcks\u00e9ges a felhaszn\u00e1l\u00f3 fi\u00f3kon kereszt\u00fcli hiteles\u00edt\u00e9se):<\/p>\n<p><\/p>\n<ul class=\"wp-block-list\">\n<li style=\"list-style-type: none;\">\n<ul><\/ul>\n<\/li>\n<\/ul>\n<p>\u00a0<\/p>\n<ul>\n<li style=\"list-style-type: none;\">\n<ul>\n<li>Felhaszn\u00e1l\u00f3i preferenci\u00e1kra szabott tartalom \u00e9s szolg\u00e1ltat\u00e1sok \u2013 term\u00e9k- \u00e9s szolg\u00e1ltat\u00e1skateg\u00f3ri\u00e1k.<\/li>\n<\/ul>\n<\/li>\n<\/ul>\n<p><\/p>\n<ul>\n<li style=\"list-style-type: none;\">\n<ul>\n<li>A felhaszn\u00e1l\u00f3k \u00e9rdekl\u0151d\u00e9s\u00e9re szabott aj\u00e1nlatok<\/li>\n<\/ul>\n<\/li>\n<\/ul>\n<p><\/p>\n<ul>\n<li style=\"list-style-type: none;\">\n<ul>\n<li>Jelsz\u00f3 meg\u0151rz\u00e9s<\/li>\n<\/ul>\n<\/li>\n<\/ul>\n<p><\/p>\n<ul>\n<li style=\"list-style-type: none;\">\n<ul>\n<li>Gyermekv\u00e9delmi sz\u0171r\u0151k megtart\u00e1sa internetes tartalmakon (csal\u00e1di m\u00f3d opci\u00f3k, biztons\u00e1gos keres\u00e9si funkci\u00f3k).<\/li>\n<\/ul>\n<\/li>\n<\/ul>\n<p><\/p>\n<ul>\n<li style=\"list-style-type: none;\">\n<ul>\n<li>A hirdet\u00e9sek megjelen\u00edt\u00e9si gyakoris\u00e1g\u00e1nak korl\u00e1toz\u00e1sa \u2013 korl\u00e1tozza, hogy egy hirdet\u00e9s h\u00e1nyszor jelenjen meg egy adott felhaszn\u00e1l\u00f3 sz\u00e1m\u00e1ra a webhelyen.<\/li>\n<\/ul>\n<\/li>\n<\/ul>\n<p><\/p>\n<ul>\n<li style=\"list-style-type: none;\">\n<ul>\n<li>Relev\u00e1ns rekl\u00e1moz\u00e1s a felhaszn\u00e1l\u00f3 sz\u00e1m\u00e1ra.<\/li>\n<\/ul>\n<\/li>\n<\/ul>\n<p><\/p>\n<ul>\n<li style=\"list-style-type: none;\">\n<ul>\n<li>Az elemz\u00e9si funkci\u00f3k m\u00e9r\u00e9se, optimaliz\u00e1l\u00e1sa \u00e9s adapt\u00e1l\u00e1sa \u2013 p\u00e9ld\u00e1ul egy webhely bizonyos szint\u0171 forgalm\u00e1nak meger\u0151s\u00edt\u00e9se, milyen t\u00edpus\u00fa tartalmat n\u00e9znek meg, \u00e9s hogyan \u00e9rkezik a felhaszn\u00e1l\u00f3 egy webhelyre (pl.: keres\u0151motorokon kereszt\u00fcl, k\u00f6zvetlen\u00fcl, m\u00e1s webhelyekr\u0151l stb.). A webhelyek ezeket az elemz\u00e9seket futtatj\u00e1k a haszn\u00e1latukra vonatkoz\u00f3an, hogy szolg\u00e1ltat\u00e1saikat a felhaszn\u00e1l\u00f3k jav\u00e1ra jav\u00edts\u00e1k.<\/li>\n<\/ul>\n<\/li>\n<\/ul>\n<p><\/p>\n<p><\/p>\n<h2 class=\"wp-block-heading\">10. Biztons\u00e1gi \u00e9s adatv\u00e9delmi k\u00e9rd\u00e9sek<\/h2>\n<p><\/p>\n<p>\u00c1ltal\u00e1ban a b\u00f6ng\u00e9sz\u0151k integr\u00e1lt adatv\u00e9delmi be\u00e1ll\u00edt\u00e1sokkal rendelkeznek, amelyek k\u00fcl\u00f6nb\u00f6z\u0151 szint\u0171 cookie-elfogad\u00e1st, \u00e9rv\u00e9nyess\u00e9gi id\u0151tartamot \u00e9s automatikus t\u00f6rl\u00e9st biztos\u00edtanak, miut\u00e1n a felhaszn\u00e1l\u00f3 felkeresett egy bizonyos webhelyet.<\/p>\n<p><\/p>\n<p>A s\u00fctikkel kapcsolatos egy\u00e9b biztons\u00e1gi szempontok:<\/p>\n<p><\/p>\n<ul class=\"wp-block-list\">\n<li style=\"list-style-type: none;\">\n<ul><\/ul>\n<\/li>\n<\/ul>\n<p>\u00a0<\/p>\n<ul>\n<li style=\"list-style-type: none;\">\n<ul>\n<li>B\u00f6ng\u00e9sz\u0151j\u00e9nek cookie-be\u00e1ll\u00edt\u00e1sainak testreszab\u00e1sa az \u00d6n sz\u00e1m\u00e1ra k\u00e9nyelmes cookie-biztons\u00e1gi szint t\u00fckr\u00f6z\u00e9se \u00e9rdek\u00e9ben.<\/li>\n<\/ul>\n<\/li>\n<\/ul>\n<p><\/p>\n<ul>\n<li style=\"list-style-type: none;\">\n<ul>\n<li>Ha \u00d6n az egyetlen szem\u00e9ly, aki haszn\u00e1lja a sz\u00e1m\u00edt\u00f3g\u00e9pet, k\u00edv\u00e1ns\u00e1g szerint hossz\u00fa lej\u00e1rati id\u0151szakokat \u00e1ll\u00edthat be a b\u00f6ng\u00e9sz\u00e9si el\u0151zm\u00e9nyek \u00e9s a szem\u00e9lyes hozz\u00e1f\u00e9r\u00e9si adatok t\u00e1rol\u00e1s\u00e1ra.<\/li>\n<\/ul>\n<\/li>\n<\/ul>\n<p><\/p>\n<ul>\n<li style=\"list-style-type: none;\">\n<ul>\n<li>Ha megosztja a sz\u00e1m\u00edt\u00f3g\u00e9p-hozz\u00e1f\u00e9r\u00e9st, fontol\u00f3ra veheti a b\u00f6ng\u00e9sz\u0151 be\u00e1ll\u00edt\u00e1s\u00e1t \u00fagy, hogy minden egyes bez\u00e1r\u00e1sakor t\u00f6r\u00f6lje az egyes b\u00f6ng\u00e9sz\u00e9si adatokat. Ezzel a lehet\u0151s\u00e9ggel el\u00e9rheti a cookie-kat elhelyez\u0151 webhelyeket, \u00e9s t\u00f6r\u00f6lheti a l\u00e1togat\u00e1si inform\u00e1ci\u00f3kat a b\u00f6ng\u00e9sz\u00e9si munkamenet bez\u00e1r\u00e1sakor.<\/li>\n<\/ul>\n<\/li>\n<\/ul>\n<p><\/p>\n<p><\/p>\n<h2 class=\"wp-block-heading\">11. Linkek \u00e9s tov\u00e1bbi hasznos inform\u00e1ci\u00f3k<\/h2>\n<p><\/p>\n<p>Ha tov\u00e1bbi inform\u00e1ci\u00f3kat szeretne megtudni a cookie-kr\u00f3l \u00e9s arr\u00f3l, hogy mire haszn\u00e1lj\u00e1k \u0151ket, javasoljuk az al\u00e1bbi linkeket:<\/p>\n<p><\/p>\n<ul class=\"wp-block-list\">\n<li style=\"list-style-type: none;\">\n<ul><\/ul>\n<\/li>\n<\/ul>\n<p>\u00a0<\/p>\n<ul>\n<li style=\"list-style-type: none;\">\n<ul>\n<li><a href=\"https:\/\/support.microsoft.com\/en-us\/help\/260971\/description-of-cookies\" target=\"_blank\" rel=\"noreferrer noopener\">Microsoft Cookies guide<\/a><\/li>\n<\/ul>\n<\/li>\n<\/ul>\n<p><\/p>\n<ul>\n<li style=\"list-style-type: none;\">\n<ul>\n<li><a href=\"http:\/\/www.allaboutcookies.org\/\" target=\"_blank\" rel=\"noreferrer noopener\">All About Cookies<\/a><\/li>\n<\/ul>\n<\/li>\n<\/ul>\n<p><\/p>\n<ul>\n<li style=\"list-style-type: none;\">\n<ul>\n<li><a href=\"http:\/\/www.youronlinechoices.com\/ro\/\" target=\"_blank\" rel=\"noreferrer noopener\">http:\/\/www.youronlinechoices.com<\/a><\/li>\n<\/ul>\n<\/li>\n<\/ul>\n<p><\/p>\n<p><\/p>\n<p>Az al\u00e1bbi t\u00e1bl\u00e1zat le\u00edrja a weboldalon haszn\u00e1lt egyes s\u00fctiket, bele\u00e9rtve azok szerep\u00e9t. Ezeket a s\u00fctiket nem haszn\u00e1ljuk a jelen Cookie-szab\u00e1lyzatban jelzettt\u0151l elt\u00e9r\u0151 m\u00f3don.<\/p>\n<p><\/p>\n<figure>\n<table>\n<tbody>\n<tr>\n<th>Cookie n\u00e9v<\/th>\n<th>T\u00edpus<\/th>\n<th>Hat\u00e1ly<\/th>\n<th>Szigor\u00faan sz\u00fcks\u00e9ges<\/th>\n<th>Id\u0151tartam<\/th>\n<\/tr>\n<tr>\n<td>user_token<\/td>\n<td>\u00e1lland\u00f3<\/td>\n<td>A felhaszn\u00e1l\u00f3k bejelentkezve tart\u00e1s\u00e1ra szolg\u00e1l<\/td>\n<td>Nem<\/td>\n<td>1 \u00e9v<\/td>\n<\/tr>\n<tr>\n<td>PHPSESSID<\/td>\n<td>\u00e1lland\u00f3<\/td>\n<td>A felhaszn\u00e1l\u00f3k bejelentkezve tart\u00e1s\u00e1ra szolg\u00e1l<\/td>\n<td>Nem<\/td>\n<td>1 \u00e9v<\/td>\n<\/tr>\n<tr>\n<td>cookies_policy<\/td>\n<td>\u00e1lland\u00f3<\/td>\n<td>Az utolj\u00e1ra kiv\u00e1lasztott sz\u0171r\u0151 azonos\u00edt\u00e1s\u00e1ra szolg\u00e1l<\/td>\n<td>Nem<\/td>\n<td>1 \u00e9v<\/td>\n<\/tr>\n<tr>\n<td>\u00a0order_cart_id<\/td>\n<td>\u00e1lland\u00f3<\/td>\n<td>\u00a0A term\u00e9kek l\u00e1togat\u00f3i kos\u00e1rban tart\u00e1s\u00e1ra szolg\u00e1l<\/td>\n<td>\u00a0<\/td>\n<td>\u00a0<\/td>\n<\/tr>\n<tr>\n<td>ci_session<\/td>\n<td>\u00e1lland\u00f3<\/td>\n<td>A felhaszn\u00e1l\u00f3k bejelentkezve tart\u00e1s\u00e1ra szolg\u00e1l<\/td>\n<td>Igen<\/td>\n<td>1 \u00e9v<\/td>\n<\/tr>\n<tr>\n<td>_ga_C66T8JM760<\/td>\n<td>\u00e1lland\u00f3<\/td>\n<td>Felhaszn\u00e1l\u00f3i adatok kezel\u00e9s\u00e9re szolg\u00e1l.<\/td>\n<td>Igen<\/td>\n<td>10 \u00e9v<\/td>\n<\/tr>\n<tr>\n<td>_ga<\/td>\n<td>\u00e1lland\u00f3<\/td>\n<td>Felhaszn\u00e1l\u00f3i adatok kezel\u00e9s\u00e9re szolg\u00e1l.<\/td>\n<td>Igen<\/td>\n<td>10 \u00e9v<\/td>\n<\/tr>\n<tr>\n<td>_gid<\/td>\n<td>\u00e1lland\u00f3<\/td>\n<td>Felhaszn\u00e1l\u00f3i adatok kezel\u00e9s\u00e9re szolg\u00e1l.<\/td>\n<td>Igen<\/td>\n<td>10 \u00e9v<\/td>\n<\/tr>\n<\/tbody>\n<\/table>\n<\/figure>\n<p><\/p>\t\t\t\t\t\t\t\t<\/div>\n\t\t\t\t<\/div>\n\t\t\t\t\t<\/div>\n\t\t\t\t<\/div>\n\t\t\t\t<\/div>","protected":false},"excerpt":{"rendered":"<p>Politica de confiden\u021bialitate 1. Politica de utilizare cookie-uri \u0219i tehnologii similare Aceast\u0103 politic\u0103 se refer\u0103 la cookie-urile \u0219i la tehnologiile similare folosite, dup\u0103 caz, \u00een website-urile \u0219i aplica\u021biile operate de\u00a0BENLUMA S.R.L.\u00a0cu sediul social \u00een\u00a0B\u0103lie Homorod 39\/A sz.535801, Jude\u021bul Harghita, (denumit\u0103 \u00een continuare group.lobogo.ro). Cookie-urile sunt folosite pentru urm\u0103toarele scopuri: Aceast\u0103 politic\u0103 se completeaz\u0103 cu politica [&hellip;]<\/p>","protected":false},"author":1,"featured_media":0,"parent":0,"menu_order":0,"comment_status":"closed","ping_status":"open","template":"elementor_header_footer","meta":{"site-sidebar-layout":"default","site-content-layout":"","ast-site-content-layout":"full-width-container","site-content-style":"unboxed","site-sidebar-style":"unboxed","ast-global-header-display":"","ast-banner-title-visibility":"","ast-main-header-display":"","ast-hfb-above-header-display":"","ast-hfb-below-header-display":"","ast-hfb-mobile-header-display":"","site-post-title":"","ast-breadcrumbs-content":"","ast-featured-img":"","footer-sml-layout":"","theme-transparent-header-meta":"enabled","adv-header-id-meta":"","stick-header-meta":"","header-above-stick-meta":"","header-main-stick-meta":"","header-below-stick-meta":"","astra-migrate-meta-layouts":"set","ast-page-background-enabled":"default","ast-page-background-meta":{"desktop":{"background-color":"var(--ast-global-color-4)","background-image":"","background-repeat":"repeat","background-position":"center center","background-size":"auto","background-attachment":"scroll","background-type":"","background-media":"","overlay-type":"","overlay-color":"","overlay-opacity":"","overlay-gradient":""},"tablet":{"background-color":"","background-image":"","background-repeat":"repeat","background-position":"center center","background-size":"auto","background-attachment":"scroll","background-type":"","background-media":"","overlay-type":"","overlay-color":"","overlay-opacity":"","overlay-gradient":""},"mobile":{"background-color":"","background-image":"","background-repeat":"repeat","background-position":"center center","background-size":"auto","background-attachment":"scroll","background-type":"","background-media":"","overlay-type":"","overlay-color":"","overlay-opacity":"","overlay-gradient":""}},"ast-content-background-meta":{"desktop":{"background-color":"var(--ast-global-color-5)","background-image":"","background-repeat":"repeat","background-position":"center center","background-size":"auto","background-attachment":"scroll","background-type":"","background-media":"","overlay-type":"","overlay-color":"","overlay-opacity":"","overlay-gradient":""},"tablet":{"background-color":"var(--ast-global-color-5)","background-image":"","background-repeat":"repeat","background-position":"center center","background-size":"auto","background-attachment":"scroll","background-type":"","background-media":"","overlay-type":"","overlay-color":"","overlay-opacity":"","overlay-gradient":""},"mobile":{"background-color":"var(--ast-global-color-5)","background-image":"","background-repeat":"repeat","background-position":"center center","background-size":"auto","background-attachment":"scroll","background-type":"","background-media":"","overlay-type":"","overlay-color":"","overlay-opacity":"","overlay-gradient":""}},"footnotes":""},"class_list":["post-3","page","type-page","status-publish","hentry"],"_links":{"self":[{"href":"https:\/\/group.lobogo.ro\/hu\/wp-json\/wp\/v2\/pages\/3","targetHints":{"allow":["GET"]}}],"collection":[{"href":"https:\/\/group.lobogo.ro\/hu\/wp-json\/wp\/v2\/pages"}],"about":[{"href":"https:\/\/group.lobogo.ro\/hu\/wp-json\/wp\/v2\/types\/page"}],"author":[{"embeddable":true,"href":"https:\/\/group.lobogo.ro\/hu\/wp-json\/wp\/v2\/users\/1"}],"replies":[{"embeddable":true,"href":"https:\/\/group.lobogo.ro\/hu\/wp-json\/wp\/v2\/comments?post=3"}],"version-history":[{"count":15,"href":"https:\/\/group.lobogo.ro\/hu\/wp-json\/wp\/v2\/pages\/3\/revisions"}],"predecessor-version":[{"id":2307,"href":"https:\/\/group.lobogo.ro\/hu\/wp-json\/wp\/v2\/pages\/3\/revisions\/2307"}],"wp:attachment":[{"href":"https:\/\/group.lobogo.ro\/hu\/wp-json\/wp\/v2\/media?parent=3"}],"curies":[{"name":"wp","href":"https:\/\/api.w.org\/{rel}","templated":true}]}}